{"id":1598,"date":"2023-08-19T10:29:43","date_gmt":"2023-08-19T10:29:43","guid":{"rendered":"https:\/\/apartmany.jurica.cz\/stays\/free-time\/"},"modified":"2024-07-29T09:14:08","modified_gmt":"2024-07-29T09:14:08","slug":"free-time","status":"publish","type":"page","link":"https:\/\/apartmany.jurica.cz\/en\/stays\/free-time","title":{"rendered":"Free time"},"content":{"rendered":"\t\t<div data-elementor-type=\"wp-page\" data-elementor-id=\"1598\" class=\"elementor elementor-1598 elementor-995\" data-elementor-post-type=\"page\">\n\t\t\t\t<div class=\"elementor-element elementor-element-9177a7a e-flex e-con-boxed e-con e-parent\" data-id=\"9177a7a\" data-element_type=\"container\" data-settings=\"{&quot;background_background&quot;:&quot;classic&quot;}\">\n\t\t\t\t\t<div class=\"e-con-inner\">\n\t\t<div class=\"elementor-element elementor-element-d069838 e-flex e-con-boxed e-con e-child\" data-id=\"d069838\" data-element_type=\"container\">\n\t\t\t\t\t<div class=\"e-con-inner\">\n\t\t\t\t<div class=\"elementor-element elementor-element-860ecd8 elementor-widget elementor-widget-heading\" data-id=\"860ecd8\" data-element_type=\"widget\" data-widget_type=\"heading.default\">\n\t\t\t\t<div class=\"elementor-widget-container\">\n\t\t\t<h2 class=\"elementor-heading-title elementor-size-default\">Free time<\/h2>\t\t<\/div>\n\t\t\t\t<\/div>\n\t\t\t\t\t<\/div>\n\t\t\t\t<\/div>\n\t\t\t\t\t<\/div>\n\t\t\t\t<\/div>\n\t\t<div class=\"elementor-element elementor-element-2592c19 e-flex e-con-boxed e-con e-parent\" data-id=\"2592c19\" data-element_type=\"container\">\n\t\t\t\t\t<div class=\"e-con-inner\">\n\t\t\t\t<div class=\"elementor-element elementor-element-c8577cd elementor-widget elementor-widget-text-editor\" data-id=\"c8577cd\" data-element_type=\"widget\" data-widget_type=\"text-editor.default\">\n\t\t\t\t<div class=\"elementor-widget-container\">\n\t\t\t\t\t\t\t<p><strong>SUMMER:<\/strong><br>In the summer season, cyclists and lovers of hiking or Nordic walking will enjoy the area. Around Bo\u017e\u00ed Dar you will be captivated by the nature of the Ore Mountains and local attractions. It is worth seeing the Bo\u017e\u00ed Dar peat bog or the Ryzovna, where you can refresh yourself with local craft beer. You can also try out the Oberwiesenthal summer bobsleigh run, off-road scooters, a rope centre and much more.<\/p>\n<p><strong>WINTER:<\/strong><br>The biggest attraction is undoubtedly the ski resorts around Bo\u017e\u00ed Dar. Within walking distance you can find ski resorts for families with children and beginners Bo\u017e\u00ed Dar &#8211; Hranice, Za Prahou or Novako. Nearby is also the Interskiregion Fichtelberg-Kl\u00ednovec, with slopes of varying difficulty. For cross-country skiing fans, there are more than 100 km of groomed trails on both the Czech and German sides.<\/p><p><br><\/p>\n<p><strong>As a guest of our apartments, you have a 10 percent discount on dining in our restaurant Hranice for the duration of your stay.&nbsp;<\/strong>More information about the restaurant, menu:&nbsp;<a href=\"https:\/\/restauranthranice.cz\/\" target=\"_blank\" rel=\"noopener\">www.restauranthranice.cz<\/a><\/p>\t\t\t\t\t\t<\/div>\n\t\t\t\t<\/div>\n\t\t\t\t\t<\/div>\n\t\t\t\t<\/div>\n\t\t\t\t<\/div>\n\t\t","protected":false},"excerpt":{"rendered":"<p>SUMMER:In the summer season, cyclists and lovers of hiking or Nordic walking will enjoy the area. Around Bo\u017e\u00ed Dar you will be captivated by the nature of the Ore Mountains and local attractions. It is worth seeing the Bo\u017e\u00ed Dar peat bog or the Ryzovna, where you can refresh yourself with local craft beer. You [&hellip;]<\/p>\n","protected":false},"author":1,"featured_media":0,"parent":1584,"menu_order":0,"comment_status":"closed","ping_status":"closed","template":"","meta":{"site-sidebar-layout":"no-sidebar","site-content-layout":"page-builder","ast-site-content-layout":"","site-content-style":"default","site-sidebar-style":"default","ast-global-header-display":"","ast-banner-title-visibility":"","ast-main-header-display":"","ast-hfb-above-header-display":"","ast-hfb-below-header-display":"","ast-hfb-mobile-header-display":"","site-post-title":"disabled","ast-breadcrumbs-content":"","ast-featured-img":"disabled","footer-sml-layout":"","theme-transparent-header-meta":"","adv-header-id-meta":"","stick-header-meta":"","header-above-stick-meta":"","header-main-stick-meta":"","header-below-stick-meta":"","astra-migrate-meta-layouts":"default","ast-page-background-enabled":"default","ast-page-background-meta":{"desktop":{"background-color":"var(--ast-global-color-4)","background-image":"","background-repeat":"repeat","background-position":"center center","background-size":"auto","background-attachment":"scroll","background-type":"","background-media":"","overlay-type":"","overlay-color":"","overlay-opacity":"","overlay-gradient":""},"tablet":{"background-color":"","background-image":"","background-repeat":"repeat","background-position":"center center","background-size":"auto","background-attachment":"scroll","background-type":"","background-media":"","overlay-type":"","overlay-color":"","overlay-opacity":"","overlay-gradient":""},"mobile":{"background-color":"","background-image":"","background-repeat":"repeat","background-position":"center center","background-size":"auto","background-attachment":"scroll","background-type":"","background-media":"","overlay-type":"","overlay-color":"","overlay-opacity":"","overlay-gradient":""}},"ast-content-background-meta":{"desktop":{"background-color":"var(--ast-global-color-5)","background-image":"","background-repeat":"repeat","background-position":"center center","background-size":"auto","background-attachment":"scroll","background-type":"","background-media":"","overlay-type":"","overlay-color":"","overlay-opacity":"","overlay-gradient":""},"tablet":{"background-color":"var(--ast-global-color-5)","background-image":"","background-repeat":"repeat","background-position":"center center","background-size":"auto","background-attachment":"scroll","background-type":"","background-media":"","overlay-type":"","overlay-color":"","overlay-opacity":"","overlay-gradient":""},"mobile":{"background-color":"var(--ast-global-color-5)","background-image":"","background-repeat":"repeat","background-position":"center center","background-size":"auto","background-attachment":"scroll","background-type":"","background-media":"","overlay-type":"","overlay-color":"","overlay-opacity":"","overlay-gradient":""}},"footnotes":""},"class_list":["post-1598","page","type-page","status-publish","hentry"],"_links":{"self":[{"href":"https:\/\/apartmany.jurica.cz\/en\/wp-json\/wp\/v2\/pages\/1598","targetHints":{"allow":["GET"]}}],"collection":[{"href":"https:\/\/apartmany.jurica.cz\/en\/wp-json\/wp\/v2\/pages"}],"about":[{"href":"https:\/\/apartmany.jurica.cz\/en\/wp-json\/wp\/v2\/types\/page"}],"author":[{"embeddable":true,"href":"https:\/\/apartmany.jurica.cz\/en\/wp-json\/wp\/v2\/users\/1"}],"replies":[{"embeddable":true,"href":"https:\/\/apartmany.jurica.cz\/en\/wp-json\/wp\/v2\/comments?post=1598"}],"version-history":[{"count":4,"href":"https:\/\/apartmany.jurica.cz\/en\/wp-json\/wp\/v2\/pages\/1598\/revisions"}],"predecessor-version":[{"id":1843,"href":"https:\/\/apartmany.jurica.cz\/en\/wp-json\/wp\/v2\/pages\/1598\/revisions\/1843"}],"up":[{"embeddable":true,"href":"https:\/\/apartmany.jurica.cz\/en\/wp-json\/wp\/v2\/pages\/1584"}],"wp:attachment":[{"href":"https:\/\/apartmany.jurica.cz\/en\/wp-json\/wp\/v2\/media?parent=1598"}],"curies":[{"name":"wp","href":"https:\/\/api.w.org\/{rel}","templated":true}]}}