{"id":1565,"date":"2023-08-19T10:29:43","date_gmt":"2023-08-19T10:29:43","guid":{"rendered":"https:\/\/apartmany.jurica.cz\/bleibt\/freie-zeit\/"},"modified":"2024-07-29T09:14:16","modified_gmt":"2024-07-29T09:14:16","slug":"freie-zeit","status":"publish","type":"page","link":"https:\/\/apartmany.jurica.cz\/de\/bleibt\/freie-zeit","title":{"rendered":"Freie Zeit"},"content":{"rendered":"\t\t<div data-elementor-type=\"wp-page\" data-elementor-id=\"1565\" class=\"elementor elementor-1565 elementor-995\" data-elementor-post-type=\"page\">\n\t\t\t\t<div class=\"elementor-element elementor-element-9177a7a e-flex e-con-boxed e-con e-parent\" data-id=\"9177a7a\" data-element_type=\"container\" data-settings=\"{&quot;background_background&quot;:&quot;classic&quot;}\">\n\t\t\t\t\t<div class=\"e-con-inner\">\n\t\t<div class=\"elementor-element elementor-element-d069838 e-flex e-con-boxed e-con e-child\" data-id=\"d069838\" data-element_type=\"container\">\n\t\t\t\t\t<div class=\"e-con-inner\">\n\t\t\t\t<div class=\"elementor-element elementor-element-860ecd8 elementor-widget elementor-widget-heading\" data-id=\"860ecd8\" data-element_type=\"widget\" data-widget_type=\"heading.default\">\n\t\t\t\t<div class=\"elementor-widget-container\">\n\t\t\t<h2 class=\"elementor-heading-title elementor-size-default\">Freie Zeit<\/h2>\t\t<\/div>\n\t\t\t\t<\/div>\n\t\t\t\t\t<\/div>\n\t\t\t\t<\/div>\n\t\t\t\t\t<\/div>\n\t\t\t\t<\/div>\n\t\t<div class=\"elementor-element elementor-element-2592c19 e-flex e-con-boxed e-con e-parent\" data-id=\"2592c19\" data-element_type=\"container\">\n\t\t\t\t\t<div class=\"e-con-inner\">\n\t\t\t\t<div class=\"elementor-element elementor-element-c8577cd elementor-widget elementor-widget-text-editor\" data-id=\"c8577cd\" data-element_type=\"widget\" data-widget_type=\"text-editor.default\">\n\t\t\t\t<div class=\"elementor-widget-container\">\n\t\t\t\t\t\t\t<p><strong>SOMMER:<\/strong><br>In der Sommersaison kommen Radfahrer und Liebhaber von Wanderungen oder Nordic Walking auf ihre Kosten. In der Umgebung von Bo\u017e\u00ed Dar werden Sie von der Natur des Erzgebirges und den \u00f6rtlichen Sehensw\u00fcrdigkeiten begeistert sein. Es lohnt sich, das Torfmoor Bo\u017e\u00ed Dar oder Ryzovna zu besuchen, wo man sich mit lokalem Handwerksbier erfrischen kann. Au\u00dferdem k\u00f6nnen Sie die Oberwiesenthaler Sommerrodelbahn, Offroad-Roller, ein Seilzentrum und vieles mehr ausprobieren.<\/p>\n<p><strong>WINTER:<\/strong><br>Die gr\u00f6\u00dfte Attraktion sind zweifelsohne die Skigebiete rund um Bo\u017e\u00ed Dar. In unmittelbarer N\u00e4he finden Sie die Skigebiete f\u00fcr Familien mit Kindern und Anf\u00e4nger Bo\u017e\u00ed Dar &#8211; Hranice, Za Prahou oder Novako. In der N\u00e4he befindet sich auch die Interskiregion Fichtelberg-Kl\u00ednovec mit Pisten unterschiedlicher Schwierigkeit. F\u00fcr Langlauffans gibt es sowohl auf tschechischer als auch auf deutscher Seite mehr als 100 km gespurte Loipen.<\/p><p><br><\/p>\n<p><strong>Als Gast unserer Appartements erhalten Sie f\u00fcr die Dauer Ihres Aufenthaltes 10 Prozent Erm\u00e4\u00dfigung auf das Essen in unserem Restaurant Hranice.&nbsp;<\/strong>Mehr Informationen zum Restaurant, Speisekarte:&nbsp;<a href=\"https:\/\/restauranthranice.cz\/\" target=\"_blank\" rel=\"noopener\">www.restauranthranice.cz<\/a><\/p>\t\t\t\t\t\t<\/div>\n\t\t\t\t<\/div>\n\t\t\t\t\t<\/div>\n\t\t\t\t<\/div>\n\t\t\t\t<\/div>\n\t\t","protected":false},"excerpt":{"rendered":"<p>SOMMER:In der Sommersaison kommen Radfahrer und Liebhaber von Wanderungen oder Nordic Walking auf ihre Kosten. In der Umgebung von Bo\u017e\u00ed Dar werden Sie von der Natur des Erzgebirges und den \u00f6rtlichen Sehensw\u00fcrdigkeiten begeistert sein. Es lohnt sich, das Torfmoor Bo\u017e\u00ed Dar oder Ryzovna zu besuchen, wo man sich mit lokalem Handwerksbier erfrischen kann. Au\u00dferdem k\u00f6nnen [&hellip;]<\/p>\n","protected":false},"author":1,"featured_media":0,"parent":1549,"menu_order":0,"comment_status":"closed","ping_status":"closed","template":"","meta":{"site-sidebar-layout":"no-sidebar","site-content-layout":"page-builder","ast-site-content-layout":"","site-content-style":"default","site-sidebar-style":"default","ast-global-header-display":"","ast-banner-title-visibility":"","ast-main-header-display":"","ast-hfb-above-header-display":"","ast-hfb-below-header-display":"","ast-hfb-mobile-header-display":"","site-post-title":"disabled","ast-breadcrumbs-content":"","ast-featured-img":"disabled","footer-sml-layout":"","theme-transparent-header-meta":"","adv-header-id-meta":"","stick-header-meta":"","header-above-stick-meta":"","header-main-stick-meta":"","header-below-stick-meta":"","astra-migrate-meta-layouts":"default","ast-page-background-enabled":"default","ast-page-background-meta":{"desktop":{"background-color":"var(--ast-global-color-4)","background-image":"","background-repeat":"repeat","background-position":"center center","background-size":"auto","background-attachment":"scroll","background-type":"","background-media":"","overlay-type":"","overlay-color":"","overlay-opacity":"","overlay-gradient":""},"tablet":{"background-color":"","background-image":"","background-repeat":"repeat","background-position":"center center","background-size":"auto","background-attachment":"scroll","background-type":"","background-media":"","overlay-type":"","overlay-color":"","overlay-opacity":"","overlay-gradient":""},"mobile":{"background-color":"","background-image":"","background-repeat":"repeat","background-position":"center center","background-size":"auto","background-attachment":"scroll","background-type":"","background-media":"","overlay-type":"","overlay-color":"","overlay-opacity":"","overlay-gradient":""}},"ast-content-background-meta":{"desktop":{"background-color":"var(--ast-global-color-5)","background-image":"","background-repeat":"repeat","background-position":"center center","background-size":"auto","background-attachment":"scroll","background-type":"","background-media":"","overlay-type":"","overlay-color":"","overlay-opacity":"","overlay-gradient":""},"tablet":{"background-color":"var(--ast-global-color-5)","background-image":"","background-repeat":"repeat","background-position":"center center","background-size":"auto","background-attachment":"scroll","background-type":"","background-media":"","overlay-type":"","overlay-color":"","overlay-opacity":"","overlay-gradient":""},"mobile":{"background-color":"var(--ast-global-color-5)","background-image":"","background-repeat":"repeat","background-position":"center center","background-size":"auto","background-attachment":"scroll","background-type":"","background-media":"","overlay-type":"","overlay-color":"","overlay-opacity":"","overlay-gradient":""}},"footnotes":""},"class_list":["post-1565","page","type-page","status-publish","hentry"],"_links":{"self":[{"href":"https:\/\/apartmany.jurica.cz\/de\/wp-json\/wp\/v2\/pages\/1565","targetHints":{"allow":["GET"]}}],"collection":[{"href":"https:\/\/apartmany.jurica.cz\/de\/wp-json\/wp\/v2\/pages"}],"about":[{"href":"https:\/\/apartmany.jurica.cz\/de\/wp-json\/wp\/v2\/types\/page"}],"author":[{"embeddable":true,"href":"https:\/\/apartmany.jurica.cz\/de\/wp-json\/wp\/v2\/users\/1"}],"replies":[{"embeddable":true,"href":"https:\/\/apartmany.jurica.cz\/de\/wp-json\/wp\/v2\/comments?post=1565"}],"version-history":[{"count":4,"href":"https:\/\/apartmany.jurica.cz\/de\/wp-json\/wp\/v2\/pages\/1565\/revisions"}],"predecessor-version":[{"id":1846,"href":"https:\/\/apartmany.jurica.cz\/de\/wp-json\/wp\/v2\/pages\/1565\/revisions\/1846"}],"up":[{"embeddable":true,"href":"https:\/\/apartmany.jurica.cz\/de\/wp-json\/wp\/v2\/pages\/1549"}],"wp:attachment":[{"href":"https:\/\/apartmany.jurica.cz\/de\/wp-json\/wp\/v2\/media?parent=1565"}],"curies":[{"name":"wp","href":"https:\/\/api.w.org\/{rel}","templated":true}]}}