{"id":1561,"date":"2023-08-19T10:28:44","date_gmt":"2023-08-19T10:28:44","guid":{"rendered":"https:\/\/apartmany.jurica.cz\/bleibt\/athleten\/"},"modified":"2024-07-29T09:13:43","modified_gmt":"2024-07-29T09:13:43","slug":"athleten","status":"publish","type":"page","link":"https:\/\/apartmany.jurica.cz\/de\/bleibt\/athleten","title":{"rendered":"Athleten"},"content":{"rendered":"\t\t<div data-elementor-type=\"wp-page\" data-elementor-id=\"1561\" class=\"elementor elementor-1561 elementor-991\" data-elementor-post-type=\"page\">\n\t\t\t\t<div class=\"elementor-element elementor-element-ce89cd4 e-flex e-con-boxed e-con e-parent\" data-id=\"ce89cd4\" data-element_type=\"container\" data-settings=\"{&quot;background_background&quot;:&quot;classic&quot;}\">\n\t\t\t\t\t<div class=\"e-con-inner\">\n\t\t<div class=\"elementor-element elementor-element-cd8c358 e-flex e-con-boxed e-con e-child\" data-id=\"cd8c358\" data-element_type=\"container\">\n\t\t\t\t\t<div class=\"e-con-inner\">\n\t\t\t\t<div class=\"elementor-element elementor-element-1f582c3 elementor-widget elementor-widget-heading\" data-id=\"1f582c3\" data-element_type=\"widget\" data-widget_type=\"heading.default\">\n\t\t\t\t<div class=\"elementor-widget-container\">\n\t\t\t<h2 class=\"elementor-heading-title elementor-size-default\">Athleten<\/h2>\t\t<\/div>\n\t\t\t\t<\/div>\n\t\t\t\t\t<\/div>\n\t\t\t\t<\/div>\n\t\t\t\t\t<\/div>\n\t\t\t\t<\/div>\n\t\t<div class=\"elementor-element elementor-element-3ea226d e-flex e-con-boxed e-con e-parent\" data-id=\"3ea226d\" data-element_type=\"container\">\n\t\t\t\t\t<div class=\"e-con-inner\">\n\t\t\t\t<div class=\"elementor-element elementor-element-ac34efb elementor-widget elementor-widget-text-editor\" data-id=\"ac34efb\" data-element_type=\"widget\" data-widget_type=\"text-editor.default\">\n\t\t\t\t<div class=\"elementor-widget-container\">\n\t\t\t\t\t\t\t<p>Unsere Wohnungen sind ideal f\u00fcr Sportler, ob kleine oder gr\u00f6\u00dfere Gruppen. In den Suiten finden Sie die n\u00f6tige Ruhe zur Regeneration, im Gemeinschaftsraum k\u00f6nnen Sie bequem Weiterbildungspl\u00e4ne besprechen oder in der ger\u00e4umigen K\u00fcche kochen. Nur wenige hundert Meter von den H\u00e4usern entfernt gibt es Joggingstrecken, Radwege und nahe gelegene Fu\u00dfball-, Tennis- und Sportpl\u00e4tze. F\u00fcr Skifahrer gibt es einen Skischmierbereich.<\/p>\n<\/p>\n<p>Bei Bedarf k\u00f6nnen wir Mahlzeiten, einen Projektor, einen Masseur oder ein Fitnessstudio zur Verf\u00fcgung stellen. Gerne entwickeln wir f\u00fcr jede Gruppe ein ma\u00dfgeschneidertes Angebot.<\/p>\n<\/p>\n<p><strong>Als Gast unserer Appartements haben Sie 10 Prozent Rabatt auf den Verzehr in unserem Restaurant Hranice f\u00fcr den gesamten Aufenthalt. <\/strong>Mehr Informationen \u00fcber das Restaurant, Men\u00fc: <a href=\"https:\/\/restauranthranice.cz\/\" target=\"_blank\" rel=\"noopener\">www.restauranthranice.cz<\/a><\/p>\n\t\t\t\t\t\t<\/div>\n\t\t\t\t<\/div>\n\t\t\t\t\t<\/div>\n\t\t\t\t<\/div>\n\t\t\t\t<\/div>\n\t\t","protected":false},"excerpt":{"rendered":"<p>Unsere Wohnungen sind ideal f\u00fcr Sportler, ob kleine oder gr\u00f6\u00dfere Gruppen. In den Suiten finden Sie die n\u00f6tige Ruhe zur Regeneration, im Gemeinschaftsraum k\u00f6nnen Sie bequem Weiterbildungspl\u00e4ne besprechen oder in der ger\u00e4umigen K\u00fcche kochen. Nur wenige hundert Meter von den H\u00e4usern entfernt gibt es Joggingstrecken, Radwege und nahe gelegene Fu\u00dfball-, Tennis- und Sportpl\u00e4tze. F\u00fcr Skifahrer [&hellip;]<\/p>\n","protected":false},"author":1,"featured_media":0,"parent":1549,"menu_order":0,"comment_status":"closed","ping_status":"closed","template":"","meta":{"site-sidebar-layout":"no-sidebar","site-content-layout":"page-builder","ast-site-content-layout":"","site-content-style":"default","site-sidebar-style":"default","ast-global-header-display":"","ast-banner-title-visibility":"","ast-main-header-display":"","ast-hfb-above-header-display":"","ast-hfb-below-header-display":"","ast-hfb-mobile-header-display":"","site-post-title":"disabled","ast-breadcrumbs-content":"","ast-featured-img":"disabled","footer-sml-layout":"","theme-transparent-header-meta":"","adv-header-id-meta":"","stick-header-meta":"","header-above-stick-meta":"","header-main-stick-meta":"","header-below-stick-meta":"","astra-migrate-meta-layouts":"default","ast-page-background-enabled":"default","ast-page-background-meta":{"desktop":{"background-color":"var(--ast-global-color-4)","background-image":"","background-repeat":"repeat","background-position":"center center","background-size":"auto","background-attachment":"scroll","background-type":"","background-media":"","overlay-type":"","overlay-color":"","overlay-opacity":"","overlay-gradient":""},"tablet":{"background-color":"","background-image":"","background-repeat":"repeat","background-position":"center center","background-size":"auto","background-attachment":"scroll","background-type":"","background-media":"","overlay-type":"","overlay-color":"","overlay-opacity":"","overlay-gradient":""},"mobile":{"background-color":"","background-image":"","background-repeat":"repeat","background-position":"center center","background-size":"auto","background-attachment":"scroll","background-type":"","background-media":"","overlay-type":"","overlay-color":"","overlay-opacity":"","overlay-gradient":""}},"ast-content-background-meta":{"desktop":{"background-color":"var(--ast-global-color-5)","background-image":"","background-repeat":"repeat","background-position":"center center","background-size":"auto","background-attachment":"scroll","background-type":"","background-media":"","overlay-type":"","overlay-color":"","overlay-opacity":"","overlay-gradient":""},"tablet":{"background-color":"var(--ast-global-color-5)","background-image":"","background-repeat":"repeat","background-position":"center center","background-size":"auto","background-attachment":"scroll","background-type":"","background-media":"","overlay-type":"","overlay-color":"","overlay-opacity":"","overlay-gradient":""},"mobile":{"background-color":"var(--ast-global-color-5)","background-image":"","background-repeat":"repeat","background-position":"center center","background-size":"auto","background-attachment":"scroll","background-type":"","background-media":"","overlay-type":"","overlay-color":"","overlay-opacity":"","overlay-gradient":""}},"footnotes":""},"class_list":["post-1561","page","type-page","status-publish","hentry"],"_links":{"self":[{"href":"https:\/\/apartmany.jurica.cz\/de\/wp-json\/wp\/v2\/pages\/1561","targetHints":{"allow":["GET"]}}],"collection":[{"href":"https:\/\/apartmany.jurica.cz\/de\/wp-json\/wp\/v2\/pages"}],"about":[{"href":"https:\/\/apartmany.jurica.cz\/de\/wp-json\/wp\/v2\/types\/page"}],"author":[{"embeddable":true,"href":"https:\/\/apartmany.jurica.cz\/de\/wp-json\/wp\/v2\/users\/1"}],"replies":[{"embeddable":true,"href":"https:\/\/apartmany.jurica.cz\/de\/wp-json\/wp\/v2\/comments?post=1561"}],"version-history":[{"count":6,"href":"https:\/\/apartmany.jurica.cz\/de\/wp-json\/wp\/v2\/pages\/1561\/revisions"}],"predecessor-version":[{"id":1834,"href":"https:\/\/apartmany.jurica.cz\/de\/wp-json\/wp\/v2\/pages\/1561\/revisions\/1834"}],"up":[{"embeddable":true,"href":"https:\/\/apartmany.jurica.cz\/de\/wp-json\/wp\/v2\/pages\/1549"}],"wp:attachment":[{"href":"https:\/\/apartmany.jurica.cz\/de\/wp-json\/wp\/v2\/media?parent=1561"}],"curies":[{"name":"wp","href":"https:\/\/api.w.org\/{rel}","templated":true}]}}