{"id":1557,"date":"2023-08-19T10:28:20","date_gmt":"2023-08-19T10:28:20","guid":{"rendered":"https:\/\/apartmany.jurica.cz\/bleibt\/familien-mit-kindern\/"},"modified":"2024-07-29T09:13:26","modified_gmt":"2024-07-29T09:13:26","slug":"familien-mit-kindern","status":"publish","type":"page","link":"https:\/\/apartmany.jurica.cz\/de\/bleibt\/familien-mit-kindern","title":{"rendered":"Familien mit Kindern"},"content":{"rendered":"\t\t<div data-elementor-type=\"wp-page\" data-elementor-id=\"1557\" class=\"elementor elementor-1557 elementor-989\" data-elementor-post-type=\"page\">\n\t\t\t\t<div class=\"elementor-element elementor-element-b548b49 e-flex e-con-boxed e-con e-parent\" data-id=\"b548b49\" data-element_type=\"container\" data-settings=\"{&quot;background_background&quot;:&quot;classic&quot;}\">\n\t\t\t\t\t<div class=\"e-con-inner\">\n\t\t<div class=\"elementor-element elementor-element-61d452d e-flex e-con-boxed e-con e-child\" data-id=\"61d452d\" data-element_type=\"container\">\n\t\t\t\t\t<div class=\"e-con-inner\">\n\t\t\t\t<div class=\"elementor-element elementor-element-8f7a7ab elementor-widget elementor-widget-heading\" data-id=\"8f7a7ab\" data-element_type=\"widget\" data-widget_type=\"heading.default\">\n\t\t\t\t<div class=\"elementor-widget-container\">\n\t\t\t<h2 class=\"elementor-heading-title elementor-size-default\">Familien mit Kindern<\/h2>\t\t<\/div>\n\t\t\t\t<\/div>\n\t\t\t\t\t<\/div>\n\t\t\t\t<\/div>\n\t\t\t\t\t<\/div>\n\t\t\t\t<\/div>\n\t\t<div class=\"elementor-element elementor-element-542b3e4 e-flex e-con-boxed e-con e-parent\" data-id=\"542b3e4\" data-element_type=\"container\">\n\t\t\t\t\t<div class=\"e-con-inner\">\n\t\t\t\t<div class=\"elementor-element elementor-element-a2119e1 elementor-widget elementor-widget-text-editor\" data-id=\"a2119e1\" data-element_type=\"widget\" data-widget_type=\"text-editor.default\">\n\t\t\t\t<div class=\"elementor-widget-container\">\n\t\t\t\t\t\t\t<p>Wir bieten gro\u00dfartige Einrichtungen f\u00fcr Familien mit Kindern. Hochst\u00fchle oder ein Kinderbett sind auf Anfrage erh\u00e4ltlich. Dank der Lage unserer H\u00e4user sind Sie nur einen kurzen Spaziergang vom Freizeitkomplex Novako entfernt, in dem Ihre Kinder mit Sicherheit Spa\u00df haben werden. In der N\u00e4he befindet sich auch der Jesusweg, ein Torfmoor mit einem Naturlehrpfad oder der God&#8217;s Lookout. Im Winter finden Sie in Gehweite das Skigebiet Bo\u017e\u00ed Dar &#8211; Hranice, das f\u00fcr Familien mit Kindern geeignet ist, oder das nahe gelegene Kl\u00ednovec f\u00fcr fortgeschrittene Skifahrer. Am Abend werden Sie den Gemeinschaftsraum zu sch\u00e4tzen wissen, in dem Sie Spiele spielen oder sich am Kamin entspannen k\u00f6nnen.<\/p>\n<\/p>\n<p>Unsere Wohnungen eignen sich auch f\u00fcr Familientreffen, Feiern oder Hochzeiten. Wir erstellen Ihnen gerne ein ma\u00dfgeschneidertes Angebot nach Ihren W\u00fcnschen.<\/p>\n<\/p>\n<p><strong>Als Gast unserer Appartements haben Sie 10 Prozent Rabatt auf den Verzehr in unserem Restaurant Hranice f\u00fcr den gesamten Aufenthalt. <\/strong>Mehr Informationen \u00fcber das Restaurant, Men\u00fc: <a href=\"https:\/\/restauranthranice.cz\/\" target=\"_blank\" rel=\"noopener\">www.restauranthranice.cz<\/a><\/p>\n\t\t\t\t\t\t<\/div>\n\t\t\t\t<\/div>\n\t\t\t\t\t<\/div>\n\t\t\t\t<\/div>\n\t\t\t\t<\/div>\n\t\t","protected":false},"excerpt":{"rendered":"<p>Wir bieten gro\u00dfartige Einrichtungen f\u00fcr Familien mit Kindern. Hochst\u00fchle oder ein Kinderbett sind auf Anfrage erh\u00e4ltlich. Dank der Lage unserer H\u00e4user sind Sie nur einen kurzen Spaziergang vom Freizeitkomplex Novako entfernt, in dem Ihre Kinder mit Sicherheit Spa\u00df haben werden. In der N\u00e4he befindet sich auch der Jesusweg, ein Torfmoor mit einem Naturlehrpfad oder der [&hellip;]<\/p>\n","protected":false},"author":1,"featured_media":0,"parent":1549,"menu_order":0,"comment_status":"closed","ping_status":"closed","template":"","meta":{"site-sidebar-layout":"no-sidebar","site-content-layout":"page-builder","ast-site-content-layout":"","site-content-style":"default","site-sidebar-style":"default","ast-global-header-display":"","ast-banner-title-visibility":"","ast-main-header-display":"","ast-hfb-above-header-display":"","ast-hfb-below-header-display":"","ast-hfb-mobile-header-display":"","site-post-title":"disabled","ast-breadcrumbs-content":"","ast-featured-img":"disabled","footer-sml-layout":"","theme-transparent-header-meta":"","adv-header-id-meta":"","stick-header-meta":"","header-above-stick-meta":"","header-main-stick-meta":"","header-below-stick-meta":"","astra-migrate-meta-layouts":"default","ast-page-background-enabled":"default","ast-page-background-meta":{"desktop":{"background-color":"var(--ast-global-color-4)","background-image":"","background-repeat":"repeat","background-position":"center center","background-size":"auto","background-attachment":"scroll","background-type":"","background-media":"","overlay-type":"","overlay-color":"","overlay-opacity":"","overlay-gradient":""},"tablet":{"background-color":"","background-image":"","background-repeat":"repeat","background-position":"center center","background-size":"auto","background-attachment":"scroll","background-type":"","background-media":"","overlay-type":"","overlay-color":"","overlay-opacity":"","overlay-gradient":""},"mobile":{"background-color":"","background-image":"","background-repeat":"repeat","background-position":"center center","background-size":"auto","background-attachment":"scroll","background-type":"","background-media":"","overlay-type":"","overlay-color":"","overlay-opacity":"","overlay-gradient":""}},"ast-content-background-meta":{"desktop":{"background-color":"var(--ast-global-color-5)","background-image":"","background-repeat":"repeat","background-position":"center center","background-size":"auto","background-attachment":"scroll","background-type":"","background-media":"","overlay-type":"","overlay-color":"","overlay-opacity":"","overlay-gradient":""},"tablet":{"background-color":"var(--ast-global-color-5)","background-image":"","background-repeat":"repeat","background-position":"center center","background-size":"auto","background-attachment":"scroll","background-type":"","background-media":"","overlay-type":"","overlay-color":"","overlay-opacity":"","overlay-gradient":""},"mobile":{"background-color":"var(--ast-global-color-5)","background-image":"","background-repeat":"repeat","background-position":"center center","background-size":"auto","background-attachment":"scroll","background-type":"","background-media":"","overlay-type":"","overlay-color":"","overlay-opacity":"","overlay-gradient":""}},"footnotes":""},"class_list":["post-1557","page","type-page","status-publish","hentry"],"_links":{"self":[{"href":"https:\/\/apartmany.jurica.cz\/de\/wp-json\/wp\/v2\/pages\/1557","targetHints":{"allow":["GET"]}}],"collection":[{"href":"https:\/\/apartmany.jurica.cz\/de\/wp-json\/wp\/v2\/pages"}],"about":[{"href":"https:\/\/apartmany.jurica.cz\/de\/wp-json\/wp\/v2\/types\/page"}],"author":[{"embeddable":true,"href":"https:\/\/apartmany.jurica.cz\/de\/wp-json\/wp\/v2\/users\/1"}],"replies":[{"embeddable":true,"href":"https:\/\/apartmany.jurica.cz\/de\/wp-json\/wp\/v2\/comments?post=1557"}],"version-history":[{"count":6,"href":"https:\/\/apartmany.jurica.cz\/de\/wp-json\/wp\/v2\/pages\/1557\/revisions"}],"predecessor-version":[{"id":1828,"href":"https:\/\/apartmany.jurica.cz\/de\/wp-json\/wp\/v2\/pages\/1557\/revisions\/1828"}],"up":[{"embeddable":true,"href":"https:\/\/apartmany.jurica.cz\/de\/wp-json\/wp\/v2\/pages\/1549"}],"wp:attachment":[{"href":"https:\/\/apartmany.jurica.cz\/de\/wp-json\/wp\/v2\/media?parent=1557"}],"curies":[{"name":"wp","href":"https:\/\/api.w.org\/{rel}","templated":true}]}}