{"id":1553,"date":"2023-08-19T10:29:24","date_gmt":"2023-08-19T10:29:24","guid":{"rendered":"https:\/\/apartmany.jurica.cz\/bleibt\/unternehmen\/"},"modified":"2024-07-29T09:14:00","modified_gmt":"2024-07-29T09:14:00","slug":"unternehmen","status":"publish","type":"page","link":"https:\/\/apartmany.jurica.cz\/de\/bleibt\/unternehmen","title":{"rendered":"Unternehmen"},"content":{"rendered":"\t\t<div data-elementor-type=\"wp-page\" data-elementor-id=\"1553\" class=\"elementor elementor-1553 elementor-993\" data-elementor-post-type=\"page\">\n\t\t\t\t<div class=\"elementor-element elementor-element-33e94c2 e-flex e-con-boxed e-con e-parent\" data-id=\"33e94c2\" data-element_type=\"container\" data-settings=\"{&quot;background_background&quot;:&quot;classic&quot;}\">\n\t\t\t\t\t<div class=\"e-con-inner\">\n\t\t<div class=\"elementor-element elementor-element-bf4fd37 e-flex e-con-boxed e-con e-child\" data-id=\"bf4fd37\" data-element_type=\"container\">\n\t\t\t\t\t<div class=\"e-con-inner\">\n\t\t\t\t<div class=\"elementor-element elementor-element-b555787 elementor-widget elementor-widget-heading\" data-id=\"b555787\" data-element_type=\"widget\" data-widget_type=\"heading.default\">\n\t\t\t\t<div class=\"elementor-widget-container\">\n\t\t\t<h2 class=\"elementor-heading-title elementor-size-default\">Unternehmen<\/h2>\t\t<\/div>\n\t\t\t\t<\/div>\n\t\t\t\t\t<\/div>\n\t\t\t\t<\/div>\n\t\t\t\t\t<\/div>\n\t\t\t\t<\/div>\n\t\t<div class=\"elementor-element elementor-element-f6e7cb3 e-flex e-con-boxed e-con e-parent\" data-id=\"f6e7cb3\" data-element_type=\"container\">\n\t\t\t\t\t<div class=\"e-con-inner\">\n\t\t\t\t<div class=\"elementor-element elementor-element-074d872 elementor-widget elementor-widget-text-editor\" data-id=\"074d872\" data-element_type=\"widget\" data-widget_type=\"text-editor.default\">\n\t\t\t\t<div class=\"elementor-widget-container\">\n\t\t\t\t\t\t\t<p>Alle unsere H\u00e4user k\u00f6nnen f\u00fcr eine Vielzahl von Anl\u00e4ssen gebucht werden, z. B. f\u00fcr Schulungen, Firmenfeiern oder Teambuilding-Veranstaltungen. Es gibt Gemeinschaftsr\u00e4ume mit Kamin, eine ger\u00e4umige K\u00fcche, Parkpl\u00e4tze direkt am Haus, drahtlosen Internetzugang oder einen Projektor.<\/p>\n<\/p>\n<p>Gerne stellen wir auch ein reichhaltiges Teambuilding-Programm nach Ihren W\u00fcnschen zusammen. Wir gehen auf jeden Kunden individuell ein, um maximale Zufriedenheit zu gew\u00e4hrleisten.<\/p>\n<\/p>\n<p><strong>Als Gast unserer Appartements haben Sie 10 Prozent Rabatt auf den Verzehr in unserem Restaurant Hranice f\u00fcr den gesamten Aufenthalt. <\/strong>Mehr Informationen \u00fcber das Restaurant, Men\u00fc: <a href=\"https:\/\/restauranthranice.cz\/\" target=\"_blank\" rel=\"noopener\">www.restauranthranice.cz<\/a><\/p>\n\t\t\t\t\t\t<\/div>\n\t\t\t\t<\/div>\n\t\t\t\t\t<\/div>\n\t\t\t\t<\/div>\n\t\t\t\t<\/div>\n\t\t","protected":false},"excerpt":{"rendered":"<p>Alle unsere H\u00e4user k\u00f6nnen f\u00fcr eine Vielzahl von Anl\u00e4ssen gebucht werden, z. B. f\u00fcr Schulungen, Firmenfeiern oder Teambuilding-Veranstaltungen. Es gibt Gemeinschaftsr\u00e4ume mit Kamin, eine ger\u00e4umige K\u00fcche, Parkpl\u00e4tze direkt am Haus, drahtlosen Internetzugang oder einen Projektor. Gerne stellen wir auch ein reichhaltiges Teambuilding-Programm nach Ihren W\u00fcnschen zusammen. Wir gehen auf jeden Kunden individuell ein, um maximale [&hellip;]<\/p>\n","protected":false},"author":1,"featured_media":0,"parent":1549,"menu_order":0,"comment_status":"closed","ping_status":"closed","template":"","meta":{"site-sidebar-layout":"no-sidebar","site-content-layout":"page-builder","ast-site-content-layout":"","site-content-style":"default","site-sidebar-style":"default","ast-global-header-display":"","ast-banner-title-visibility":"","ast-main-header-display":"","ast-hfb-above-header-display":"","ast-hfb-below-header-display":"","ast-hfb-mobile-header-display":"","site-post-title":"disabled","ast-breadcrumbs-content":"","ast-featured-img":"disabled","footer-sml-layout":"","theme-transparent-header-meta":"","adv-header-id-meta":"","stick-header-meta":"","header-above-stick-meta":"","header-main-stick-meta":"","header-below-stick-meta":"","astra-migrate-meta-layouts":"default","ast-page-background-enabled":"default","ast-page-background-meta":{"desktop":{"background-color":"var(--ast-global-color-4)","background-image":"","background-repeat":"repeat","background-position":"center center","background-size":"auto","background-attachment":"scroll","background-type":"","background-media":"","overlay-type":"","overlay-color":"","overlay-opacity":"","overlay-gradient":""},"tablet":{"background-color":"","background-image":"","background-repeat":"repeat","background-position":"center center","background-size":"auto","background-attachment":"scroll","background-type":"","background-media":"","overlay-type":"","overlay-color":"","overlay-opacity":"","overlay-gradient":""},"mobile":{"background-color":"","background-image":"","background-repeat":"repeat","background-position":"center center","background-size":"auto","background-attachment":"scroll","background-type":"","background-media":"","overlay-type":"","overlay-color":"","overlay-opacity":"","overlay-gradient":""}},"ast-content-background-meta":{"desktop":{"background-color":"var(--ast-global-color-5)","background-image":"","background-repeat":"repeat","background-position":"center center","background-size":"auto","background-attachment":"scroll","background-type":"","background-media":"","overlay-type":"","overlay-color":"","overlay-opacity":"","overlay-gradient":""},"tablet":{"background-color":"var(--ast-global-color-5)","background-image":"","background-repeat":"repeat","background-position":"center center","background-size":"auto","background-attachment":"scroll","background-type":"","background-media":"","overlay-type":"","overlay-color":"","overlay-opacity":"","overlay-gradient":""},"mobile":{"background-color":"var(--ast-global-color-5)","background-image":"","background-repeat":"repeat","background-position":"center center","background-size":"auto","background-attachment":"scroll","background-type":"","background-media":"","overlay-type":"","overlay-color":"","overlay-opacity":"","overlay-gradient":""}},"footnotes":""},"class_list":["post-1553","page","type-page","status-publish","hentry"],"_links":{"self":[{"href":"https:\/\/apartmany.jurica.cz\/de\/wp-json\/wp\/v2\/pages\/1553","targetHints":{"allow":["GET"]}}],"collection":[{"href":"https:\/\/apartmany.jurica.cz\/de\/wp-json\/wp\/v2\/pages"}],"about":[{"href":"https:\/\/apartmany.jurica.cz\/de\/wp-json\/wp\/v2\/types\/page"}],"author":[{"embeddable":true,"href":"https:\/\/apartmany.jurica.cz\/de\/wp-json\/wp\/v2\/users\/1"}],"replies":[{"embeddable":true,"href":"https:\/\/apartmany.jurica.cz\/de\/wp-json\/wp\/v2\/comments?post=1553"}],"version-history":[{"count":6,"href":"https:\/\/apartmany.jurica.cz\/de\/wp-json\/wp\/v2\/pages\/1553\/revisions"}],"predecessor-version":[{"id":1840,"href":"https:\/\/apartmany.jurica.cz\/de\/wp-json\/wp\/v2\/pages\/1553\/revisions\/1840"}],"up":[{"embeddable":true,"href":"https:\/\/apartmany.jurica.cz\/de\/wp-json\/wp\/v2\/pages\/1549"}],"wp:attachment":[{"href":"https:\/\/apartmany.jurica.cz\/de\/wp-json\/wp\/v2\/media?parent=1553"}],"curies":[{"name":"wp","href":"https:\/\/api.w.org\/{rel}","templated":true}]}}