{"id":1549,"date":"2023-08-08T13:35:54","date_gmt":"2023-08-08T13:35:54","guid":{"rendered":"https:\/\/apartmany.jurica.cz\/bleibt\/"},"modified":"2024-07-29T09:13:07","modified_gmt":"2024-07-29T09:13:07","slug":"bleibt","status":"publish","type":"page","link":"https:\/\/apartmany.jurica.cz\/de\/bleibt","title":{"rendered":"Bleibt"},"content":{"rendered":"\t\t<div data-elementor-type=\"wp-page\" data-elementor-id=\"1549\" class=\"elementor elementor-1549 elementor-213\" data-elementor-post-type=\"page\">\n\t\t\t\t<div class=\"elementor-element elementor-element-f5aae15 e-flex e-con-boxed e-con e-parent\" data-id=\"f5aae15\" data-element_type=\"container\" data-settings=\"{&quot;background_background&quot;:&quot;classic&quot;}\">\n\t\t\t\t\t<div class=\"e-con-inner\">\n\t\t<div class=\"elementor-element elementor-element-7d065b9 e-flex e-con-boxed e-con e-child\" data-id=\"7d065b9\" data-element_type=\"container\">\n\t\t\t\t\t<div class=\"e-con-inner\">\n\t\t\t\t<div class=\"elementor-element elementor-element-5c0f5da elementor-widget elementor-widget-heading\" data-id=\"5c0f5da\" data-element_type=\"widget\" data-widget_type=\"heading.default\">\n\t\t\t\t<div class=\"elementor-widget-container\">\n\t\t\t<h2 class=\"elementor-heading-title elementor-size-default\">Bleibt<\/h2>\t\t<\/div>\n\t\t\t\t<\/div>\n\t\t\t\t\t<\/div>\n\t\t\t\t<\/div>\n\t\t\t\t\t<\/div>\n\t\t\t\t<\/div>\n\t\t<div class=\"elementor-element elementor-element-640d343 e-flex e-con-boxed e-con e-parent\" data-id=\"640d343\" data-element_type=\"container\">\n\t\t\t\t\t<div class=\"e-con-inner\">\n\t\t\t\t<div class=\"elementor-element elementor-element-e2990dd elementor-widget elementor-widget-text-editor\" data-id=\"e2990dd\" data-element_type=\"widget\" data-widget_type=\"text-editor.default\">\n\t\t\t\t<div class=\"elementor-widget-container\">\n\t\t\t\t\t\t\t<p>Bitte z\u00f6gern Sie nicht, uns mit Ihren W\u00fcnschen oder speziellen Anfragen bez\u00fcglich Ihrer Unterkunft oder Ihres Programms zu kontaktieren. Wir werden unser Bestes tun, um sie f\u00fcr Sie zu f\u00fcllen.<\/p>\n\t\t\t\t\t\t<\/div>\n\t\t\t\t<\/div>\n\t\t\t\t\t<\/div>\n\t\t\t\t<\/div>\n\t\t<div class=\"elementor-element elementor-element-6d2b780 e-flex e-con-boxed e-con e-parent\" data-id=\"6d2b780\" data-element_type=\"container\">\n\t\t\t\t\t<div class=\"e-con-inner\">\n\t\t<div class=\"elementor-element elementor-element-5aa9d60 e-con-full e-flex e-con e-child\" data-id=\"5aa9d60\" data-element_type=\"container\">\n\t\t\t\t<div class=\"elementor-element elementor-element-1685224 elementor-position-top elementor-widget elementor-widget-image-box\" data-id=\"1685224\" data-element_type=\"widget\" data-widget_type=\"image-box.default\">\n\t\t\t\t<div class=\"elementor-widget-container\">\n\t\t\t<div class=\"elementor-image-box-wrapper\"><figure class=\"elementor-image-box-img\"><a href=\"https:\/\/apartmany.jurica.cz\/de\/bleibt\/familien-mit-kindern\/\" tabindex=\"-1\"><img fetchpriority=\"high\" decoding=\"async\" width=\"325\" height=\"440\" src=\"https:\/\/storage-prg1.zerops.io\/4gddx-storage\/apartmany\/uploads\/2023\/08\/rodiny-1.jpg\" class=\"elementor-animation-bob attachment-full size-full wp-image-381\" alt=\"\" srcset=\"https:\/\/storage-prg1.zerops.io\/4gddx-storage\/apartmany\/uploads\/2023\/08\/rodiny-1.jpg 325w, https:\/\/storage-prg1.zerops.io\/4gddx-storage\/apartmany\/uploads\/2023\/08\/rodiny-1-222x300.jpg 222w\" sizes=\"(max-width: 325px) 100vw, 325px\" \/><\/a><\/figure><div class=\"elementor-image-box-content\"><h3 class=\"elementor-image-box-title\"><a href=\"https:\/\/apartmany.jurica.cz\/de\/bleibt\/familien-mit-kindern\/\">Familien<\/a><\/h3><\/div><\/div>\t\t<\/div>\n\t\t\t\t<\/div>\n\t\t\t\t<\/div>\n\t\t<div class=\"elementor-element elementor-element-1ac634a e-con-full e-flex e-con e-child\" data-id=\"1ac634a\" data-element_type=\"container\">\n\t\t\t\t<div class=\"elementor-element elementor-element-8dabd50 elementor-position-top elementor-widget elementor-widget-image-box\" data-id=\"8dabd50\" data-element_type=\"widget\" data-widget_type=\"image-box.default\">\n\t\t\t\t<div class=\"elementor-widget-container\">\n\t\t\t<div class=\"elementor-image-box-wrapper\"><figure class=\"elementor-image-box-img\"><a href=\"https:\/\/apartmany.jurica.cz\/de\/bleibt\/athleten\/\" tabindex=\"-1\"><img decoding=\"async\" width=\"325\" height=\"440\" src=\"https:\/\/storage-prg1.zerops.io\/4gddx-storage\/apartmany\/uploads\/2023\/08\/sport-1.jpg\" class=\"elementor-animation-bob attachment-full size-full wp-image-382\" alt=\"\" srcset=\"https:\/\/storage-prg1.zerops.io\/4gddx-storage\/apartmany\/uploads\/2023\/08\/sport-1.jpg 325w, https:\/\/storage-prg1.zerops.io\/4gddx-storage\/apartmany\/uploads\/2023\/08\/sport-1-222x300.jpg 222w\" sizes=\"(max-width: 325px) 100vw, 325px\" \/><\/a><\/figure><div class=\"elementor-image-box-content\"><h3 class=\"elementor-image-box-title\"><a href=\"https:\/\/apartmany.jurica.cz\/de\/bleibt\/athleten\/\">Athleten<\/a><\/h3><\/div><\/div>\t\t<\/div>\n\t\t\t\t<\/div>\n\t\t\t\t<\/div>\n\t\t<div class=\"elementor-element elementor-element-35bc3d4 e-con-full e-flex e-con e-child\" data-id=\"35bc3d4\" data-element_type=\"container\">\n\t\t\t\t<div class=\"elementor-element elementor-element-0e4a316 elementor-position-top elementor-widget elementor-widget-image-box\" data-id=\"0e4a316\" data-element_type=\"widget\" data-widget_type=\"image-box.default\">\n\t\t\t\t<div class=\"elementor-widget-container\">\n\t\t\t<div class=\"elementor-image-box-wrapper\"><figure class=\"elementor-image-box-img\"><a href=\"https:\/\/apartmany.jurica.cz\/de\/bleibt\/unternehmen\/\" tabindex=\"-1\"><img decoding=\"async\" width=\"325\" height=\"440\" src=\"https:\/\/storage-prg1.zerops.io\/4gddx-storage\/apartmany\/uploads\/2023\/08\/firmy.jpg\" class=\"elementor-animation-bob attachment-full size-full wp-image-383\" alt=\"\" srcset=\"https:\/\/storage-prg1.zerops.io\/4gddx-storage\/apartmany\/uploads\/2023\/08\/firmy.jpg 325w, https:\/\/storage-prg1.zerops.io\/4gddx-storage\/apartmany\/uploads\/2023\/08\/firmy-222x300.jpg 222w\" sizes=\"(max-width: 325px) 100vw, 325px\" \/><\/a><\/figure><div class=\"elementor-image-box-content\"><h3 class=\"elementor-image-box-title\"><a href=\"https:\/\/apartmany.jurica.cz\/de\/bleibt\/unternehmen\/\">Unternehmen<\/a><\/h3><\/div><\/div>\t\t<\/div>\n\t\t\t\t<\/div>\n\t\t\t\t<\/div>\n\t\t<div class=\"elementor-element elementor-element-dc86b1c e-con-full e-flex e-con e-child\" data-id=\"dc86b1c\" data-element_type=\"container\">\n\t\t\t\t<div class=\"elementor-element elementor-element-cfc9663 elementor-position-top elementor-widget elementor-widget-image-box\" data-id=\"cfc9663\" data-element_type=\"widget\" data-widget_type=\"image-box.default\">\n\t\t\t\t<div class=\"elementor-widget-container\">\n\t\t\t<div class=\"elementor-image-box-wrapper\"><figure class=\"elementor-image-box-img\"><a href=\"https:\/\/apartmany.jurica.cz\/de\/bleibt\/freie-zeit\/\" tabindex=\"-1\"><img loading=\"lazy\" decoding=\"async\" width=\"325\" height=\"440\" src=\"https:\/\/storage-prg1.zerops.io\/4gddx-storage\/apartmany\/uploads\/2023\/08\/volny.jpg\" class=\"elementor-animation-bob attachment-full size-full wp-image-384\" alt=\"\" srcset=\"https:\/\/storage-prg1.zerops.io\/4gddx-storage\/apartmany\/uploads\/2023\/08\/volny.jpg 325w, https:\/\/storage-prg1.zerops.io\/4gddx-storage\/apartmany\/uploads\/2023\/08\/volny-222x300.jpg 222w\" sizes=\"(max-width: 325px) 100vw, 325px\" \/><\/a><\/figure><div class=\"elementor-image-box-content\"><h3 class=\"elementor-image-box-title\"><a href=\"https:\/\/apartmany.jurica.cz\/de\/bleibt\/freie-zeit\/\">Freie Zeit<\/a><\/h3><\/div><\/div>\t\t<\/div>\n\t\t\t\t<\/div>\n\t\t\t\t<\/div>\n\t\t\t\t\t<\/div>\n\t\t\t\t<\/div>\n\t\t\t\t<\/div>\n\t\t","protected":false},"excerpt":{"rendered":"<p>Bitte z\u00f6gern Sie nicht, uns mit Ihren W\u00fcnschen oder speziellen Anfragen bez\u00fcglich Ihrer Unterkunft oder Ihres Programms zu kontaktieren. Wir werden unser Bestes tun, um sie f\u00fcr Sie zu f\u00fcllen. Familien Athleten Unternehmen Freie Zeit<\/p>\n","protected":false},"author":1,"featured_media":0,"parent":0,"menu_order":0,"comment_status":"closed","ping_status":"closed","template":"","meta":{"site-sidebar-layout":"no-sidebar","site-content-layout":"page-builder","ast-site-content-layout":"","site-content-style":"default","site-sidebar-style":"default","ast-global-header-display":"","ast-banner-title-visibility":"","ast-main-header-display":"","ast-hfb-above-header-display":"","ast-hfb-below-header-display":"","ast-hfb-mobile-header-display":"","site-post-title":"disabled","ast-breadcrumbs-content":"","ast-featured-img":"disabled","footer-sml-layout":"","theme-transparent-header-meta":"","adv-header-id-meta":"","stick-header-meta":"","header-above-stick-meta":"","header-main-stick-meta":"","header-below-stick-meta":"","astra-migrate-meta-layouts":"default","ast-page-background-enabled":"default","ast-page-background-meta":{"desktop":{"background-color":"var(--ast-global-color-4)","background-image":"","background-repeat":"repeat","background-position":"center center","background-size":"auto","background-attachment":"scroll","background-type":"","background-media":"","overlay-type":"","overlay-color":"","overlay-opacity":"","overlay-gradient":""},"tablet":{"background-color":"","background-image":"","background-repeat":"repeat","background-position":"center center","background-size":"auto","background-attachment":"scroll","background-type":"","background-media":"","overlay-type":"","overlay-color":"","overlay-opacity":"","overlay-gradient":""},"mobile":{"background-color":"","background-image":"","background-repeat":"repeat","background-position":"center center","background-size":"auto","background-attachment":"scroll","background-type":"","background-media":"","overlay-type":"","overlay-color":"","overlay-opacity":"","overlay-gradient":""}},"ast-content-background-meta":{"desktop":{"background-color":"var(--ast-global-color-5)","background-image":"","background-repeat":"repeat","background-position":"center center","background-size":"auto","background-attachment":"scroll","background-type":"","background-media":"","overlay-type":"","overlay-color":"","overlay-opacity":"","overlay-gradient":""},"tablet":{"background-color":"var(--ast-global-color-5)","background-image":"","background-repeat":"repeat","background-position":"center center","background-size":"auto","background-attachment":"scroll","background-type":"","background-media":"","overlay-type":"","overlay-color":"","overlay-opacity":"","overlay-gradient":""},"mobile":{"background-color":"var(--ast-global-color-5)","background-image":"","background-repeat":"repeat","background-position":"center center","background-size":"auto","background-attachment":"scroll","background-type":"","background-media":"","overlay-type":"","overlay-color":"","overlay-opacity":"","overlay-gradient":""}},"footnotes":""},"class_list":["post-1549","page","type-page","status-publish","hentry"],"_links":{"self":[{"href":"https:\/\/apartmany.jurica.cz\/de\/wp-json\/wp\/v2\/pages\/1549","targetHints":{"allow":["GET"]}}],"collection":[{"href":"https:\/\/apartmany.jurica.cz\/de\/wp-json\/wp\/v2\/pages"}],"about":[{"href":"https:\/\/apartmany.jurica.cz\/de\/wp-json\/wp\/v2\/types\/page"}],"author":[{"embeddable":true,"href":"https:\/\/apartmany.jurica.cz\/de\/wp-json\/wp\/v2\/users\/1"}],"replies":[{"embeddable":true,"href":"https:\/\/apartmany.jurica.cz\/de\/wp-json\/wp\/v2\/comments?post=1549"}],"version-history":[{"count":10,"href":"https:\/\/apartmany.jurica.cz\/de\/wp-json\/wp\/v2\/pages\/1549\/revisions"}],"predecessor-version":[{"id":1822,"href":"https:\/\/apartmany.jurica.cz\/de\/wp-json\/wp\/v2\/pages\/1549\/revisions\/1822"}],"wp:attachment":[{"href":"https:\/\/apartmany.jurica.cz\/de\/wp-json\/wp\/v2\/media?parent=1549"}],"curies":[{"name":"wp","href":"https:\/\/api.w.org\/{rel}","templated":true}]}}