{"id":1540,"date":"2023-08-08T13:36:54","date_gmt":"2023-08-08T13:36:54","guid":{"rendered":"https:\/\/apartmany.jurica.cz\/geschenkgutscheine\/"},"modified":"2024-07-29T09:15:39","modified_gmt":"2024-07-29T09:15:39","slug":"geschenkgutscheine","status":"publish","type":"page","link":"https:\/\/apartmany.jurica.cz\/de\/geschenkgutscheine","title":{"rendered":"Geschenkgutscheine"},"content":{"rendered":"\t\t<div data-elementor-type=\"wp-page\" data-elementor-id=\"1540\" class=\"elementor elementor-1540 elementor-221\" data-elementor-post-type=\"page\">\n\t\t\t\t<div class=\"elementor-element elementor-element-de1553d e-flex e-con-boxed e-con e-parent\" data-id=\"de1553d\" data-element_type=\"container\" data-settings=\"{&quot;background_background&quot;:&quot;classic&quot;}\">\n\t\t\t\t\t<div class=\"e-con-inner\">\n\t\t<div class=\"elementor-element elementor-element-e800ac4 e-flex e-con-boxed e-con e-child\" data-id=\"e800ac4\" data-element_type=\"container\">\n\t\t\t\t\t<div class=\"e-con-inner\">\n\t\t\t\t<div class=\"elementor-element elementor-element-736b968 elementor-widget elementor-widget-heading\" data-id=\"736b968\" data-element_type=\"widget\" data-widget_type=\"heading.default\">\n\t\t\t\t<div class=\"elementor-widget-container\">\n\t\t\t<h2 class=\"elementor-heading-title elementor-size-default\">Geschenkgutscheine<\/h2>\t\t<\/div>\n\t\t\t\t<\/div>\n\t\t\t\t\t<\/div>\n\t\t\t\t<\/div>\n\t\t\t\t\t<\/div>\n\t\t\t\t<\/div>\n\t\t<div class=\"elementor-element elementor-element-440e85a e-flex e-con-boxed e-con e-parent\" data-id=\"440e85a\" data-element_type=\"container\">\n\t\t\t\t\t<div class=\"e-con-inner\">\n\t\t\t\t<div class=\"elementor-element elementor-element-9c4488d elementor-widget elementor-widget-text-editor\" data-id=\"9c4488d\" data-element_type=\"widget\" data-widget_type=\"text-editor.default\">\n\t\t\t\t<div class=\"elementor-widget-container\">\n\t\t\t\t\t\t\t<div>Wir bieten Ihnen die M\u00f6glichkeit, einen Geschenkgutschein in beliebigem Wert f\u00fcr einen Aufenthalt in unseren Appartements zu kaufen. Der Gutschein kann direkt w\u00e4hrend des <a href=\"https:\/\/apartmany.jurica.cz\/rezervace-ubytovani\/\" target=\"_blank\" rel=\"noopener\" data-saferedirecturl=\"https:\/\/www.google.com\/url?q=https:\/\/apartmany.jurica.cz\/rezervace-ubytovani\/&amp;source=gmail&amp;ust=1670926667498000&amp;usg=AOvVaw11J3xZjBKJOjnU4r-PPZHr\">Buchungsvorgangs<\/a> auf unserer Website eingel\u00f6st werden, indem Sie einfach die <b>Gutscheinnummer <\/b>in das Feld <b>Rabattcoupon<\/b> eintragen. Der Geschenkgutschein wird Ihnen sofort nach der Zahlung per E-Mail zugeschickt und ist ab dem Kaufdatum 1 Jahr lang g\u00fcltig.<\/div>\n<div> <\/div>\n<div>Sie k\u00f6nnen einen Geschenkgutschein f\u00fcr eines der unten aufgef\u00fchrten Appartementh\u00e4user ausw\u00e4hlen. Bitte beachten Sie, dass der Geschenkgutschein nur in dem Appartementhaus eingel\u00f6st werden kann, f\u00fcr das er erworben wurde.  <\/div>\n\t\t\t\t\t\t<\/div>\n\t\t\t\t<\/div>\n\t\t\t\t\t<\/div>\n\t\t\t\t<\/div>\n\t\t<div class=\"elementor-element elementor-element-59eea0b e-flex e-con-boxed e-con e-parent\" data-id=\"59eea0b\" data-element_type=\"container\">\n\t\t\t\t\t<div class=\"e-con-inner\">\n\t\t<div class=\"elementor-element elementor-element-86b6c12 e-con-full e-flex e-con e-child\" data-id=\"86b6c12\" data-element_type=\"container\">\n\t\t\t\t<div class=\"elementor-element elementor-element-f72381f elementor-position-top elementor-widget elementor-widget-image-box\" data-id=\"f72381f\" data-element_type=\"widget\" data-widget_type=\"image-box.default\">\n\t\t\t\t<div class=\"elementor-widget-container\">\n\t\t\t<div class=\"elementor-image-box-wrapper\"><figure class=\"elementor-image-box-img\"><img fetchpriority=\"high\" decoding=\"async\" width=\"1000\" height=\"667\" src=\"https:\/\/storage-prg1.zerops.io\/4gddx-storage\/apartmany\/uploads\/2023\/08\/84-nahled.jpg\" class=\"attachment-full size-full wp-image-406\" alt=\"\" srcset=\"https:\/\/storage-prg1.zerops.io\/4gddx-storage\/apartmany\/uploads\/2023\/08\/84-nahled.jpg 1000w, https:\/\/storage-prg1.zerops.io\/4gddx-storage\/apartmany\/uploads\/2023\/08\/84-nahled-300x200.jpg 300w, https:\/\/storage-prg1.zerops.io\/4gddx-storage\/apartmany\/uploads\/2023\/08\/84-nahled-768x512.jpg 768w\" sizes=\"(max-width: 1000px) 100vw, 1000px\" \/><\/figure><div class=\"elementor-image-box-content\"><h3 class=\"elementor-image-box-title\">Mehrfamilienhaus 84<\/h3><\/div><\/div>\t\t<\/div>\n\t\t\t\t<\/div>\n\t\t\t\t<div class=\"elementor-element elementor-element-78c64b7 elementor-align-center elementor-widget elementor-widget-button\" data-id=\"78c64b7\" data-element_type=\"widget\" data-widget_type=\"button.default\">\n\t\t\t\t<div class=\"elementor-widget-container\">\n\t\t\t\t\t\t\t<div class=\"elementor-button-wrapper\">\n\t\t\t\t\t<a class=\"elementor-button elementor-button-link elementor-size-sm\" href=\"https:\/\/booking.previo.cz\/coupon\/index\/select\/?hotId=757853&#038;currency=CZK&#038;lang=cs&#038;couponType=cash&#038;redirectType=iframe&#038;showTabs=coupon&#038;PHPSESSID=jpi9vnpqj34vd09tsrvvod36br&#038;helpCampaign=0\" target=\"_blank\">\n\t\t\t\t\t\t<span class=\"elementor-button-content-wrapper\">\n\t\t\t\t\t\t\t\t\t<span class=\"elementor-button-text\">Kaufen Sie<\/span>\n\t\t\t\t\t<\/span>\n\t\t\t\t\t<\/a>\n\t\t\t\t<\/div>\n\t\t\t\t\t\t<\/div>\n\t\t\t\t<\/div>\n\t\t\t\t<\/div>\n\t\t<div class=\"elementor-element elementor-element-d23f35f e-con-full e-flex e-con e-child\" data-id=\"d23f35f\" data-element_type=\"container\">\n\t\t\t\t<div class=\"elementor-element elementor-element-043d775 elementor-position-top elementor-widget elementor-widget-image-box\" data-id=\"043d775\" data-element_type=\"widget\" data-widget_type=\"image-box.default\">\n\t\t\t\t<div class=\"elementor-widget-container\">\n\t\t\t<div class=\"elementor-image-box-wrapper\"><figure class=\"elementor-image-box-img\"><img decoding=\"async\" width=\"2048\" height=\"1369\" src=\"https:\/\/storage-prg1.zerops.io\/4gddx-storage\/apartmany\/uploads\/2023\/08\/04-1.jpg\" class=\"attachment-full size-full wp-image-962\" alt=\"\" srcset=\"https:\/\/storage-prg1.zerops.io\/4gddx-storage\/apartmany\/uploads\/2023\/08\/04-1.jpg 2048w, https:\/\/storage-prg1.zerops.io\/4gddx-storage\/apartmany\/uploads\/2023\/08\/04-1-300x201.jpg 300w, https:\/\/storage-prg1.zerops.io\/4gddx-storage\/apartmany\/uploads\/2023\/08\/04-1-1024x685.jpg 1024w, https:\/\/storage-prg1.zerops.io\/4gddx-storage\/apartmany\/uploads\/2023\/08\/04-1-768x513.jpg 768w, https:\/\/storage-prg1.zerops.io\/4gddx-storage\/apartmany\/uploads\/2023\/08\/04-1-1536x1027.jpg 1536w\" sizes=\"(max-width: 2048px) 100vw, 2048px\" \/><\/figure><div class=\"elementor-image-box-content\"><h3 class=\"elementor-image-box-title\">Mehrfamilienhaus 86<\/h3><\/div><\/div>\t\t<\/div>\n\t\t\t\t<\/div>\n\t\t\t\t<div class=\"elementor-element elementor-element-3d9b4fd elementor-align-center elementor-widget elementor-widget-button\" data-id=\"3d9b4fd\" data-element_type=\"widget\" data-widget_type=\"button.default\">\n\t\t\t\t<div class=\"elementor-widget-container\">\n\t\t\t\t\t\t\t<div class=\"elementor-button-wrapper\">\n\t\t\t\t\t<a class=\"elementor-button elementor-button-link elementor-size-sm\" href=\"https:\/\/booking.previo.cz\/coupon\/index\/select\/?hotId=757855&#038;currency=CZK&#038;lang=cs&#038;couponType=cash&#038;redirectType=iframe&#038;showTabs=coupon&#038;PHPSESSID=jpi9vnpqj34vd09tsrvvod36br&#038;helpCampaign=0\" target=\"_blank\">\n\t\t\t\t\t\t<span class=\"elementor-button-content-wrapper\">\n\t\t\t\t\t\t\t\t\t<span class=\"elementor-button-text\">Kaufen Sie<\/span>\n\t\t\t\t\t<\/span>\n\t\t\t\t\t<\/a>\n\t\t\t\t<\/div>\n\t\t\t\t\t\t<\/div>\n\t\t\t\t<\/div>\n\t\t\t\t<\/div>\n\t\t<div class=\"elementor-element elementor-element-7e1eed7 e-con-full e-flex e-con e-child\" data-id=\"7e1eed7\" data-element_type=\"container\">\n\t\t\t\t<div class=\"elementor-element elementor-element-3c87038 elementor-position-top elementor-widget elementor-widget-image-box\" data-id=\"3c87038\" data-element_type=\"widget\" data-widget_type=\"image-box.default\">\n\t\t\t\t<div class=\"elementor-widget-container\">\n\t\t\t<div class=\"elementor-image-box-wrapper\"><figure class=\"elementor-image-box-img\"><img decoding=\"async\" width=\"1000\" height=\"667\" src=\"https:\/\/storage-prg1.zerops.io\/4gddx-storage\/apartmany\/uploads\/2023\/08\/ap88-6-1.jpg\" class=\"attachment-full size-full wp-image-873\" alt=\"\" srcset=\"https:\/\/storage-prg1.zerops.io\/4gddx-storage\/apartmany\/uploads\/2023\/08\/ap88-6-1.jpg 1000w, https:\/\/storage-prg1.zerops.io\/4gddx-storage\/apartmany\/uploads\/2023\/08\/ap88-6-1-300x200.jpg 300w, https:\/\/storage-prg1.zerops.io\/4gddx-storage\/apartmany\/uploads\/2023\/08\/ap88-6-1-768x512.jpg 768w\" sizes=\"(max-width: 1000px) 100vw, 1000px\" \/><\/figure><div class=\"elementor-image-box-content\"><h3 class=\"elementor-image-box-title\">Mehrfamilienhaus 88<\/h3><\/div><\/div>\t\t<\/div>\n\t\t\t\t<\/div>\n\t\t\t\t<div class=\"elementor-element elementor-element-c227530 elementor-align-center elementor-widget elementor-widget-button\" data-id=\"c227530\" data-element_type=\"widget\" data-widget_type=\"button.default\">\n\t\t\t\t<div class=\"elementor-widget-container\">\n\t\t\t\t\t\t\t<div class=\"elementor-button-wrapper\">\n\t\t\t\t\t<a class=\"elementor-button elementor-button-link elementor-size-sm\" href=\"https:\/\/booking.previo.cz\/coupon\/index\/select\/?hotId=757857&#038;currency=CZK&#038;lang=cs&#038;couponType=cash&#038;redirectType=iframe&#038;showTabs=coupon&#038;PHPSESSID=jpi9vnpqj34vd09tsrvvod36br&#038;helpCampaign=0\" target=\"_blank\">\n\t\t\t\t\t\t<span class=\"elementor-button-content-wrapper\">\n\t\t\t\t\t\t\t\t\t<span class=\"elementor-button-text\">Kaufen Sie<\/span>\n\t\t\t\t\t<\/span>\n\t\t\t\t\t<\/a>\n\t\t\t\t<\/div>\n\t\t\t\t\t\t<\/div>\n\t\t\t\t<\/div>\n\t\t\t\t<\/div>\n\t\t<div class=\"elementor-element elementor-element-739f63d e-con-full e-flex e-con e-child\" data-id=\"739f63d\" data-element_type=\"container\">\n\t\t\t\t<div class=\"elementor-element elementor-element-52a8479 elementor-position-top elementor-widget elementor-widget-image-box\" data-id=\"52a8479\" data-element_type=\"widget\" data-widget_type=\"image-box.default\">\n\t\t\t\t<div class=\"elementor-widget-container\">\n\t\t\t<div class=\"elementor-image-box-wrapper\"><figure class=\"elementor-image-box-img\"><img loading=\"lazy\" decoding=\"async\" width=\"1000\" height=\"667\" src=\"https:\/\/storage-prg1.zerops.io\/4gddx-storage\/apartmany\/uploads\/2023\/08\/ap126-4.jpg\" class=\"attachment-full size-full wp-image-911\" alt=\"\" srcset=\"https:\/\/storage-prg1.zerops.io\/4gddx-storage\/apartmany\/uploads\/2023\/08\/ap126-4.jpg 1000w, https:\/\/storage-prg1.zerops.io\/4gddx-storage\/apartmany\/uploads\/2023\/08\/ap126-4-300x200.jpg 300w, https:\/\/storage-prg1.zerops.io\/4gddx-storage\/apartmany\/uploads\/2023\/08\/ap126-4-768x512.jpg 768w\" sizes=\"(max-width: 1000px) 100vw, 1000px\" \/><\/figure><div class=\"elementor-image-box-content\"><h3 class=\"elementor-image-box-title\">Mehrfamilienhaus 126<\/h3><\/div><\/div>\t\t<\/div>\n\t\t\t\t<\/div>\n\t\t\t\t<div class=\"elementor-element elementor-element-58fb94f elementor-align-center elementor-widget elementor-widget-button\" data-id=\"58fb94f\" data-element_type=\"widget\" data-widget_type=\"button.default\">\n\t\t\t\t<div class=\"elementor-widget-container\">\n\t\t\t\t\t\t\t<div class=\"elementor-button-wrapper\">\n\t\t\t\t\t<a class=\"elementor-button elementor-button-link elementor-size-sm\" href=\"https:\/\/booking.previo.cz\/coupon\/index\/select\/?hotId=757859&#038;currency=CZK&#038;lang=cs&#038;couponType=cash&#038;redirectType=iframe&#038;showTabs=coupon&#038;PHPSESSID=jpi9vnpqj34vd09tsrvvod36br&#038;helpCampaign=0\" target=\"_blank\">\n\t\t\t\t\t\t<span class=\"elementor-button-content-wrapper\">\n\t\t\t\t\t\t\t\t\t<span class=\"elementor-button-text\">Kaufen Sie<\/span>\n\t\t\t\t\t<\/span>\n\t\t\t\t\t<\/a>\n\t\t\t\t<\/div>\n\t\t\t\t\t\t<\/div>\n\t\t\t\t<\/div>\n\t\t\t\t<\/div>\n\t\t\t\t\t<\/div>\n\t\t\t\t<\/div>\n\t\t\t\t<\/div>\n\t\t","protected":false},"excerpt":{"rendered":"<p>Wir bieten Ihnen die M\u00f6glichkeit, einen Geschenkgutschein in beliebigem Wert f\u00fcr einen Aufenthalt in unseren Appartements zu kaufen. Der Gutschein kann direkt w\u00e4hrend des Buchungsvorgangs auf unserer Website eingel\u00f6st werden, indem Sie einfach die Gutscheinnummer in das Feld Rabattcoupon eintragen. Der Geschenkgutschein wird Ihnen sofort nach der Zahlung per E-Mail zugeschickt und ist ab dem [&hellip;]<\/p>\n","protected":false},"author":1,"featured_media":0,"parent":0,"menu_order":0,"comment_status":"closed","ping_status":"closed","template":"","meta":{"site-sidebar-layout":"no-sidebar","site-content-layout":"page-builder","ast-site-content-layout":"","site-content-style":"default","site-sidebar-style":"default","ast-global-header-display":"","ast-banner-title-visibility":"","ast-main-header-display":"","ast-hfb-above-header-display":"","ast-hfb-below-header-display":"","ast-hfb-mobile-header-display":"","site-post-title":"disabled","ast-breadcrumbs-content":"","ast-featured-img":"disabled","footer-sml-layout":"","theme-transparent-header-meta":"","adv-header-id-meta":"","stick-header-meta":"","header-above-stick-meta":"","header-main-stick-meta":"","header-below-stick-meta":"","astra-migrate-meta-layouts":"default","ast-page-background-enabled":"default","ast-page-background-meta":{"desktop":{"background-color":"var(--ast-global-color-4)","background-image":"","background-repeat":"repeat","background-position":"center center","background-size":"auto","background-attachment":"scroll","background-type":"","background-media":"","overlay-type":"","overlay-color":"","overlay-opacity":"","overlay-gradient":""},"tablet":{"background-color":"","background-image":"","background-repeat":"repeat","background-position":"center center","background-size":"auto","background-attachment":"scroll","background-type":"","background-media":"","overlay-type":"","overlay-color":"","overlay-opacity":"","overlay-gradient":""},"mobile":{"background-color":"","background-image":"","background-repeat":"repeat","background-position":"center center","background-size":"auto","background-attachment":"scroll","background-type":"","background-media":"","overlay-type":"","overlay-color":"","overlay-opacity":"","overlay-gradient":""}},"ast-content-background-meta":{"desktop":{"background-color":"var(--ast-global-color-5)","background-image":"","background-repeat":"repeat","background-position":"center center","background-size":"auto","background-attachment":"scroll","background-type":"","background-media":"","overlay-type":"","overlay-color":"","overlay-opacity":"","overlay-gradient":""},"tablet":{"background-color":"var(--ast-global-color-5)","background-image":"","background-repeat":"repeat","background-position":"center center","background-size":"auto","background-attachment":"scroll","background-type":"","background-media":"","overlay-type":"","overlay-color":"","overlay-opacity":"","overlay-gradient":""},"mobile":{"background-color":"var(--ast-global-color-5)","background-image":"","background-repeat":"repeat","background-position":"center center","background-size":"auto","background-attachment":"scroll","background-type":"","background-media":"","overlay-type":"","overlay-color":"","overlay-opacity":"","overlay-gradient":""}},"footnotes":""},"class_list":["post-1540","page","type-page","status-publish","hentry"],"_links":{"self":[{"href":"https:\/\/apartmany.jurica.cz\/de\/wp-json\/wp\/v2\/pages\/1540","targetHints":{"allow":["GET"]}}],"collection":[{"href":"https:\/\/apartmany.jurica.cz\/de\/wp-json\/wp\/v2\/pages"}],"about":[{"href":"https:\/\/apartmany.jurica.cz\/de\/wp-json\/wp\/v2\/types\/page"}],"author":[{"embeddable":true,"href":"https:\/\/apartmany.jurica.cz\/de\/wp-json\/wp\/v2\/users\/1"}],"replies":[{"embeddable":true,"href":"https:\/\/apartmany.jurica.cz\/de\/wp-json\/wp\/v2\/comments?post=1540"}],"version-history":[{"count":6,"href":"https:\/\/apartmany.jurica.cz\/de\/wp-json\/wp\/v2\/pages\/1540\/revisions"}],"predecessor-version":[{"id":1858,"href":"https:\/\/apartmany.jurica.cz\/de\/wp-json\/wp\/v2\/pages\/1540\/revisions\/1858"}],"wp:attachment":[{"href":"https:\/\/apartmany.jurica.cz\/de\/wp-json\/wp\/v2\/media?parent=1540"}],"curies":[{"name":"wp","href":"https:\/\/api.w.org\/{rel}","templated":true}]}}