{"id":1519,"date":"2023-08-08T13:36:17","date_gmt":"2023-08-08T13:36:17","guid":{"rendered":"https:\/\/apartmany.jurica.cz\/restaurant-hranice\/"},"modified":"2024-07-29T09:15:24","modified_gmt":"2024-07-29T09:15:24","slug":"restaurant-hranice","status":"publish","type":"page","link":"https:\/\/apartmany.jurica.cz\/de\/restaurant-hranice","title":{"rendered":"Restaurant Hranice"},"content":{"rendered":"\t\t<div data-elementor-type=\"wp-page\" data-elementor-id=\"1519\" class=\"elementor elementor-1519 elementor-215\" data-elementor-post-type=\"page\">\n\t\t\t\t<div class=\"elementor-element elementor-element-cccc7c0 e-flex e-con-boxed e-con e-parent\" data-id=\"cccc7c0\" data-element_type=\"container\" data-settings=\"{&quot;background_background&quot;:&quot;classic&quot;}\">\n\t\t\t\t\t<div class=\"e-con-inner\">\n\t\t<div class=\"elementor-element elementor-element-16a1198 e-flex e-con-boxed e-con e-child\" data-id=\"16a1198\" data-element_type=\"container\">\n\t\t\t\t\t<div class=\"e-con-inner\">\n\t\t\t\t<div class=\"elementor-element elementor-element-6c7da36 elementor-widget elementor-widget-heading\" data-id=\"6c7da36\" data-element_type=\"widget\" data-widget_type=\"heading.default\">\n\t\t\t\t<div class=\"elementor-widget-container\">\n\t\t\t<h2 class=\"elementor-heading-title elementor-size-default\">Restaurant Hranice<\/h2>\t\t<\/div>\n\t\t\t\t<\/div>\n\t\t\t\t\t<\/div>\n\t\t\t\t<\/div>\n\t\t\t\t\t<\/div>\n\t\t\t\t<\/div>\n\t\t<div class=\"elementor-element elementor-element-888186a e-flex e-con-boxed e-con e-parent\" data-id=\"888186a\" data-element_type=\"container\">\n\t\t\t\t\t<div class=\"e-con-inner\">\n\t\t\t\t<div class=\"elementor-element elementor-element-a9a6dd2 elementor-widget elementor-widget-heading\" data-id=\"a9a6dd2\" data-element_type=\"widget\" data-widget_type=\"heading.default\">\n\t\t\t\t<div class=\"elementor-widget-container\">\n\t\t\t<h6 class=\"elementor-heading-title elementor-size-default\">Restaurant Hranice<\/h6>\t\t<\/div>\n\t\t\t\t<\/div>\n\t\t\t\t<div class=\"elementor-element elementor-element-83bf4b4 elementor-widget elementor-widget-heading\" data-id=\"83bf4b4\" data-element_type=\"widget\" data-widget_type=\"heading.default\">\n\t\t\t\t<div class=\"elementor-widget-container\">\n\t\t\t<h2 class=\"elementor-heading-title elementor-size-default\">Ordnungsgem\u00e4\u00df behandelte Oberfl\u00e4che von Pilsner Bier  <br>und ehrliche tschechische K\u00fcche  <\/h2>\t\t<\/div>\n\t\t\t\t<\/div>\n\t\t\t\t\t<\/div>\n\t\t\t\t<\/div>\n\t\t<div class=\"elementor-element elementor-element-92c89d4 e-flex e-con-boxed e-con e-parent\" data-id=\"92c89d4\" data-element_type=\"container\">\n\t\t\t\t\t<div class=\"e-con-inner\">\n\t\t\t\t<div class=\"elementor-element elementor-element-00e87bb elementor-widget elementor-widget-gallery\" data-id=\"00e87bb\" data-element_type=\"widget\" data-settings=\"{&quot;gallery_layout&quot;:&quot;masonry&quot;,&quot;columns&quot;:3,&quot;lazyload&quot;:&quot;yes&quot;,&quot;columns_tablet&quot;:2,&quot;columns_mobile&quot;:1,&quot;gap&quot;:{&quot;unit&quot;:&quot;px&quot;,&quot;size&quot;:10,&quot;sizes&quot;:[]},&quot;gap_tablet&quot;:{&quot;unit&quot;:&quot;px&quot;,&quot;size&quot;:10,&quot;sizes&quot;:[]},&quot;gap_mobile&quot;:{&quot;unit&quot;:&quot;px&quot;,&quot;size&quot;:10,&quot;sizes&quot;:[]},&quot;link_to&quot;:&quot;file&quot;,&quot;overlay_background&quot;:&quot;yes&quot;,&quot;content_hover_animation&quot;:&quot;fade-in&quot;}\" data-widget_type=\"gallery.default\">\n\t\t\t\t<div class=\"elementor-widget-container\">\n\t\t\t\t\t<div class=\"elementor-gallery__container\">\n\t\t\t\t\t\t\t<a class=\"e-gallery-item elementor-gallery-item elementor-animated-content\" href=\"https:\/\/storage-prg1.zerops.io\/4gddx-storage\/apartmany\/uploads\/2023\/08\/a7_01136.jpg\" data-elementor-open-lightbox=\"yes\" data-elementor-lightbox-slideshow=\"00e87bb\" data-elementor-lightbox-title=\"a7_01136\" data-e-action-hash=\"#elementor-action%3Aaction%3Dlightbox%26settings%3DeyJpZCI6NDkxLCJ1cmwiOiJodHRwczpcL1wvc3RvcmFnZS1wcmcxLnplcm9wcy5pb1wvNGdkZHgtc3RvcmFnZVwvYXBhcnRtYW55XC91cGxvYWRzXC8yMDIzXC8wOFwvYTdfMDExMzYuanBnIiwic2xpZGVzaG93IjoiMDBlODdiYiJ9\">\n\t\t\t\t\t<div class=\"e-gallery-image elementor-gallery-item__image\" data-thumbnail=\"https:\/\/storage-prg1.zerops.io\/4gddx-storage\/apartmany\/uploads\/2023\/08\/a7_01136-300x200.jpg\" data-width=\"300\" data-height=\"200\" aria-label=\"\" role=\"img\" ><\/div>\n\t\t\t\t\t\t\t\t\t\t\t<div class=\"elementor-gallery-item__overlay\"><\/div>\n\t\t\t\t\t\t\t\t\t\t\t\t\t\t<\/a>\n\t\t\t\t\t\t\t<a class=\"e-gallery-item elementor-gallery-item elementor-animated-content\" href=\"https:\/\/storage-prg1.zerops.io\/4gddx-storage\/apartmany\/uploads\/2023\/08\/a7_01037.jpg\" data-elementor-open-lightbox=\"yes\" data-elementor-lightbox-slideshow=\"00e87bb\" data-elementor-lightbox-title=\"a7_01037\" data-e-action-hash=\"#elementor-action%3Aaction%3Dlightbox%26settings%3DeyJpZCI6NDkyLCJ1cmwiOiJodHRwczpcL1wvc3RvcmFnZS1wcmcxLnplcm9wcy5pb1wvNGdkZHgtc3RvcmFnZVwvYXBhcnRtYW55XC91cGxvYWRzXC8yMDIzXC8wOFwvYTdfMDEwMzcuanBnIiwic2xpZGVzaG93IjoiMDBlODdiYiJ9\">\n\t\t\t\t\t<div class=\"e-gallery-image elementor-gallery-item__image\" data-thumbnail=\"https:\/\/storage-prg1.zerops.io\/4gddx-storage\/apartmany\/uploads\/2023\/08\/a7_01037-300x200.jpg\" data-width=\"300\" data-height=\"200\" aria-label=\"\" role=\"img\" ><\/div>\n\t\t\t\t\t\t\t\t\t\t\t<div class=\"elementor-gallery-item__overlay\"><\/div>\n\t\t\t\t\t\t\t\t\t\t\t\t\t\t<\/a>\n\t\t\t\t\t\t\t<a class=\"e-gallery-item elementor-gallery-item elementor-animated-content\" href=\"https:\/\/storage-prg1.zerops.io\/4gddx-storage\/apartmany\/uploads\/2023\/08\/a7_04153.jpg\" data-elementor-open-lightbox=\"yes\" data-elementor-lightbox-slideshow=\"00e87bb\" data-elementor-lightbox-title=\"a7_04153\" data-e-action-hash=\"#elementor-action%3Aaction%3Dlightbox%26settings%3DeyJpZCI6NDkzLCJ1cmwiOiJodHRwczpcL1wvc3RvcmFnZS1wcmcxLnplcm9wcy5pb1wvNGdkZHgtc3RvcmFnZVwvYXBhcnRtYW55XC91cGxvYWRzXC8yMDIzXC8wOFwvYTdfMDQxNTMuanBnIiwic2xpZGVzaG93IjoiMDBlODdiYiJ9\">\n\t\t\t\t\t<div class=\"e-gallery-image elementor-gallery-item__image\" data-thumbnail=\"https:\/\/storage-prg1.zerops.io\/4gddx-storage\/apartmany\/uploads\/2023\/08\/a7_04153-300x200.jpg\" data-width=\"300\" data-height=\"200\" aria-label=\"\" role=\"img\" ><\/div>\n\t\t\t\t\t\t\t\t\t\t\t<div class=\"elementor-gallery-item__overlay\"><\/div>\n\t\t\t\t\t\t\t\t\t\t\t\t\t\t<\/a>\n\t\t\t\t\t\t\t<a class=\"e-gallery-item elementor-gallery-item elementor-animated-content\" href=\"https:\/\/storage-prg1.zerops.io\/4gddx-storage\/apartmany\/uploads\/2023\/08\/a7_04150.jpg\" data-elementor-open-lightbox=\"yes\" data-elementor-lightbox-slideshow=\"00e87bb\" data-elementor-lightbox-title=\"a7_04150\" data-e-action-hash=\"#elementor-action%3Aaction%3Dlightbox%26settings%3DeyJpZCI6NDk0LCJ1cmwiOiJodHRwczpcL1wvc3RvcmFnZS1wcmcxLnplcm9wcy5pb1wvNGdkZHgtc3RvcmFnZVwvYXBhcnRtYW55XC91cGxvYWRzXC8yMDIzXC8wOFwvYTdfMDQxNTAuanBnIiwic2xpZGVzaG93IjoiMDBlODdiYiJ9\">\n\t\t\t\t\t<div class=\"e-gallery-image elementor-gallery-item__image\" data-thumbnail=\"https:\/\/storage-prg1.zerops.io\/4gddx-storage\/apartmany\/uploads\/2023\/08\/a7_04150-300x200.jpg\" data-width=\"300\" data-height=\"200\" aria-label=\"\" role=\"img\" ><\/div>\n\t\t\t\t\t\t\t\t\t\t\t<div class=\"elementor-gallery-item__overlay\"><\/div>\n\t\t\t\t\t\t\t\t\t\t\t\t\t\t<\/a>\n\t\t\t\t\t\t\t<a class=\"e-gallery-item elementor-gallery-item elementor-animated-content\" href=\"https:\/\/storage-prg1.zerops.io\/4gddx-storage\/apartmany\/uploads\/2023\/08\/a9_07529.jpg\" data-elementor-open-lightbox=\"yes\" data-elementor-lightbox-slideshow=\"00e87bb\" data-elementor-lightbox-title=\"a9_07529\" data-e-action-hash=\"#elementor-action%3Aaction%3Dlightbox%26settings%3DeyJpZCI6NDk1LCJ1cmwiOiJodHRwczpcL1wvc3RvcmFnZS1wcmcxLnplcm9wcy5pb1wvNGdkZHgtc3RvcmFnZVwvYXBhcnRtYW55XC91cGxvYWRzXC8yMDIzXC8wOFwvYTlfMDc1MjkuanBnIiwic2xpZGVzaG93IjoiMDBlODdiYiJ9\">\n\t\t\t\t\t<div class=\"e-gallery-image elementor-gallery-item__image\" data-thumbnail=\"https:\/\/storage-prg1.zerops.io\/4gddx-storage\/apartmany\/uploads\/2023\/08\/a9_07529-300x200.jpg\" data-width=\"300\" data-height=\"200\" aria-label=\"\" role=\"img\" ><\/div>\n\t\t\t\t\t\t\t\t\t\t\t<div class=\"elementor-gallery-item__overlay\"><\/div>\n\t\t\t\t\t\t\t\t\t\t\t\t\t\t<\/a>\n\t\t\t\t\t\t\t<a class=\"e-gallery-item elementor-gallery-item elementor-animated-content\" href=\"https:\/\/storage-prg1.zerops.io\/4gddx-storage\/apartmany\/uploads\/2023\/08\/a7_01027.jpg\" data-elementor-open-lightbox=\"yes\" data-elementor-lightbox-slideshow=\"00e87bb\" data-elementor-lightbox-title=\"a7_01027\" data-e-action-hash=\"#elementor-action%3Aaction%3Dlightbox%26settings%3DeyJpZCI6NDk2LCJ1cmwiOiJodHRwczpcL1wvc3RvcmFnZS1wcmcxLnplcm9wcy5pb1wvNGdkZHgtc3RvcmFnZVwvYXBhcnRtYW55XC91cGxvYWRzXC8yMDIzXC8wOFwvYTdfMDEwMjcuanBnIiwic2xpZGVzaG93IjoiMDBlODdiYiJ9\">\n\t\t\t\t\t<div class=\"e-gallery-image elementor-gallery-item__image\" data-thumbnail=\"https:\/\/storage-prg1.zerops.io\/4gddx-storage\/apartmany\/uploads\/2023\/08\/a7_01027-300x200.jpg\" data-width=\"300\" data-height=\"200\" aria-label=\"\" role=\"img\" ><\/div>\n\t\t\t\t\t\t\t\t\t\t\t<div class=\"elementor-gallery-item__overlay\"><\/div>\n\t\t\t\t\t\t\t\t\t\t\t\t\t\t<\/a>\n\t\t\t\t\t<\/div>\n\t\t\t<\/div>\n\t\t\t\t<\/div>\n\t\t\t\t\t<\/div>\n\t\t\t\t<\/div>\n\t\t<div class=\"elementor-element elementor-element-5ffbd6e e-flex e-con-boxed e-con e-parent\" data-id=\"5ffbd6e\" data-element_type=\"container\">\n\t\t\t\t\t<div class=\"e-con-inner\">\n\t\t\t\t<div class=\"elementor-element elementor-element-3bc244b elementor-widget elementor-widget-text-editor\" data-id=\"3bc244b\" data-element_type=\"widget\" data-widget_type=\"text-editor.default\">\n\t\t\t\t<div class=\"elementor-widget-container\">\n\t\t\t\t\t\t\t<p><strong>Als Gast unserer Apartments erhalten Sie w\u00e4hrend Ihres gesamten Aufenthalts 10 Prozent Rabatt auf Speisen und Getr\u00e4nke.<\/p>\n<p><\/strong><\/p>\n<p>Weitere Informationen \u00fcber das Restaurant, Speisekarte: <a href=\"https:\/\/restauranthranice.cz\/\" target=\"_blank\" rel=\"noopener\">www.restauranthranice.cz<\/a><\/p>\n\t\t\t\t\t\t<\/div>\n\t\t\t\t<\/div>\n\t\t\t\t\t<\/div>\n\t\t\t\t<\/div>\n\t\t\t\t<\/div>\n\t\t","protected":false},"excerpt":{"rendered":"<p>Restaurant Hranice Ordnungsgem\u00e4\u00df behandelte Oberfl\u00e4che von Pilsner Bier und ehrliche tschechische K\u00fcche Als Gast unserer Apartments erhalten Sie w\u00e4hrend Ihres gesamten Aufenthalts 10 Prozent Rabatt auf Speisen und Getr\u00e4nke. Weitere Informationen \u00fcber das Restaurant, Speisekarte: www.restauranthranice.cz<\/p>\n","protected":false},"author":1,"featured_media":0,"parent":0,"menu_order":0,"comment_status":"closed","ping_status":"closed","template":"","meta":{"site-sidebar-layout":"no-sidebar","site-content-layout":"page-builder","ast-site-content-layout":"","site-content-style":"default","site-sidebar-style":"default","ast-global-header-display":"","ast-banner-title-visibility":"","ast-main-header-display":"","ast-hfb-above-header-display":"","ast-hfb-below-header-display":"","ast-hfb-mobile-header-display":"","site-post-title":"disabled","ast-breadcrumbs-content":"","ast-featured-img":"disabled","footer-sml-layout":"","theme-transparent-header-meta":"","adv-header-id-meta":"","stick-header-meta":"","header-above-stick-meta":"","header-main-stick-meta":"","header-below-stick-meta":"","astra-migrate-meta-layouts":"default","ast-page-background-enabled":"default","ast-page-background-meta":{"desktop":{"background-color":"var(--ast-global-color-4)","background-image":"","background-repeat":"repeat","background-position":"center center","background-size":"auto","background-attachment":"scroll","background-type":"","background-media":"","overlay-type":"","overlay-color":"","overlay-opacity":"","overlay-gradient":""},"tablet":{"background-color":"","background-image":"","background-repeat":"repeat","background-position":"center center","background-size":"auto","background-attachment":"scroll","background-type":"","background-media":"","overlay-type":"","overlay-color":"","overlay-opacity":"","overlay-gradient":""},"mobile":{"background-color":"","background-image":"","background-repeat":"repeat","background-position":"center center","background-size":"auto","background-attachment":"scroll","background-type":"","background-media":"","overlay-type":"","overlay-color":"","overlay-opacity":"","overlay-gradient":""}},"ast-content-background-meta":{"desktop":{"background-color":"var(--ast-global-color-5)","background-image":"","background-repeat":"repeat","background-position":"center center","background-size":"auto","background-attachment":"scroll","background-type":"","background-media":"","overlay-type":"","overlay-color":"","overlay-opacity":"","overlay-gradient":""},"tablet":{"background-color":"var(--ast-global-color-5)","background-image":"","background-repeat":"repeat","background-position":"center center","background-size":"auto","background-attachment":"scroll","background-type":"","background-media":"","overlay-type":"","overlay-color":"","overlay-opacity":"","overlay-gradient":""},"mobile":{"background-color":"var(--ast-global-color-5)","background-image":"","background-repeat":"repeat","background-position":"center center","background-size":"auto","background-attachment":"scroll","background-type":"","background-media":"","overlay-type":"","overlay-color":"","overlay-opacity":"","overlay-gradient":""}},"footnotes":""},"class_list":["post-1519","page","type-page","status-publish","hentry"],"_links":{"self":[{"href":"https:\/\/apartmany.jurica.cz\/de\/wp-json\/wp\/v2\/pages\/1519","targetHints":{"allow":["GET"]}}],"collection":[{"href":"https:\/\/apartmany.jurica.cz\/de\/wp-json\/wp\/v2\/pages"}],"about":[{"href":"https:\/\/apartmany.jurica.cz\/de\/wp-json\/wp\/v2\/types\/page"}],"author":[{"embeddable":true,"href":"https:\/\/apartmany.jurica.cz\/de\/wp-json\/wp\/v2\/users\/1"}],"replies":[{"embeddable":true,"href":"https:\/\/apartmany.jurica.cz\/de\/wp-json\/wp\/v2\/comments?post=1519"}],"version-history":[{"count":6,"href":"https:\/\/apartmany.jurica.cz\/de\/wp-json\/wp\/v2\/pages\/1519\/revisions"}],"predecessor-version":[{"id":1852,"href":"https:\/\/apartmany.jurica.cz\/de\/wp-json\/wp\/v2\/pages\/1519\/revisions\/1852"}],"wp:attachment":[{"href":"https:\/\/apartmany.jurica.cz\/de\/wp-json\/wp\/v2\/media?parent=1519"}],"curies":[{"name":"wp","href":"https:\/\/api.w.org\/{rel}","templated":true}]}}